{"id":10552,"date":"2020-12-18T09:23:27","date_gmt":"2020-12-18T08:23:27","guid":{"rendered":"https:\/\/hmovei.indipro.es\/occasion\/"},"modified":"2024-11-05T00:39:53","modified_gmt":"2024-11-04T23:39:53","slug":"occasion","status":"publish","type":"page","link":"https:\/\/www.hogarmovei.com\/en\/occasion\/","title":{"rendered":"Occasion"},"content":{"rendered":"\t\t<div data-elementor-type=\"wp-page\" data-elementor-id=\"10552\" class=\"elementor elementor-10552 elementor-7992\">\n\t\t\t\t<div class=\"elementor-element elementor-element-ed05898 e-con-full e-flex e-con e-parent\" data-id=\"ed05898\" data-element_type=\"container\" data-e-type=\"container\">\n\t\t\t\t<div class=\"elementor-element elementor-element-7ce5876 elementor-widget elementor-widget-sidebar\" data-id=\"7ce5876\" data-element_type=\"widget\" data-e-type=\"widget\" data-widget_type=\"sidebar.default\">\n\t\t\t\t<div class=\"elementor-widget-container\">\n\t\t\t\t\t<div class=\"widget widget_emaurri_core_separator\" data-area=\"shop-sidebar\"><div class=\"qodef-shortcode qodef-m  qodef-separator clear \">\n\t<div class=\"qodef-m-line\" style=\"border-color: #ffffff;margin-top: 3px\"><\/div>\n<\/div>\n<\/div><div class=\"widget widget_block widget_search\" data-area=\"shop-sidebar\"><form role=\"search\" method=\"get\" class=\"wp-block-search__button-inside wp-block-search__icon-button qodef-search-form wp-block-search\" action=\"https:\/\/www.hogarmovei.com\/en\/\"><label for=\"qodef-search-form-1\" class=\"qodef-search-form-label screen-reader-text\">Search<\/label><div class=\"qodef-search-form-inner \"><input type=\"search\" id=\"qodef-search-form-1\" class=\"qodef-search-form-field \" name=\"s\" value=\"\" placeholder=\"Search houses...\"  required \/><input type=\"hidden\" name=\"post_type\" value=\"product\" \/><button type=\"submit\" class=\"qodef-search-form-button  qodef--button-inside qodef--has-icon\" ><svg  xmlns=\"http:\/\/www.w3.org\/2000\/svg\" width=\"17.06\" height=\"17.06\" viewBox=\"3.47 3.46 17.06 17.06\"><g fill=\"none\" stroke=\"currentColor\" stroke-linecap=\"round\" stroke-linejoin=\"round\"><circle cx=\"11.11\" cy=\"11.11\" r=\"7.11\"\/><path d=\"M20 20l-3.87-3.87\"\/><\/g><\/svg><\/button><\/div><\/form><\/div><div class=\"widget widget_block\" data-area=\"shop-sidebar\">\n<div data-block-name=\"woocommerce\/filter-wrapper\" data-filter-type=\"attribute-filter\" data-heading=\"Filtrar por atributo\" class=\"wp-block-woocommerce-filter-wrapper\">\n\n\n<div data-attribute-id=\"2\" data-block-name=\"woocommerce\/attribute-filter\" data-heading=\"\" data-lock=\"{&quot;remove&quot;:true}\" data-wpml_language=\"all\" class=\"wp-block-woocommerce-attribute-filter is-loading\"><\/div>\n<\/div>\n<\/div><div class=\"widget widget_block\" data-area=\"shop-sidebar\">\n<div data-block-name=\"woocommerce\/filter-wrapper\" data-filter-type=\"attribute-filter\" data-heading=\"Filtrar por atributo\" class=\"wp-block-woocommerce-filter-wrapper\">\n<h5 class=\"wp-block-heading\">Filter by rooms<\/h5>\n\n\n\n<div data-attribute-id=\"3\" data-block-name=\"woocommerce\/attribute-filter\" data-heading=\"\" data-lock=\"{&quot;remove&quot;:true}\" data-wpml_language=\"all\" class=\"wp-block-woocommerce-attribute-filter is-loading\"><\/div>\n<\/div>\n<\/div><div class=\"widget widget_block\" data-area=\"shop-sidebar\">\n<div data-block-name=\"woocommerce\/filter-wrapper\" data-filter-type=\"attribute-filter\" data-heading=\"Filtrar por atributo\" class=\"wp-block-woocommerce-filter-wrapper\">\n<h5 class=\"wp-block-heading\">Filter by Surface<\/h5>\n\n\n\n<div data-attribute-id=\"1\" data-block-name=\"woocommerce\/attribute-filter\" data-heading=\"\" data-lock=\"{&quot;remove&quot;:true}\" data-wpml_language=\"all\" class=\"wp-block-woocommerce-attribute-filter is-loading\"><\/div>\n<\/div>\n<\/div><div class=\"widget widget_emaurri_core_separator\" data-area=\"shop-sidebar\"><div class=\"qodef-shortcode qodef-m  qodef-separator clear \">\n\t<div class=\"qodef-m-line\" style=\"border-color: #ffffff;margin-top: -10px\"><\/div>\n<\/div>\n<\/div><div class=\"widget widget_emaurri_core_separator\" data-area=\"shop-sidebar\"><div class=\"qodef-shortcode qodef-m  qodef-separator clear \">\n\t<div class=\"qodef-m-line\" style=\"border-color: #ffffff;margin-top: -5px\"><\/div>\n<\/div>\n<\/div><div class=\"widget widget_emaurri_core_separator\" data-area=\"shop-sidebar\"><div class=\"qodef-shortcode qodef-m  qodef-separator clear \">\n\t<div class=\"qodef-m-line\" style=\"border-color: #ffffff;margin-top: 1px\"><\/div>\n<\/div>\n<\/div>\t\t\t\t<\/div>\n\t\t\t\t<\/div>\n\t\t\t\t<div class=\"elementor-element elementor-element-c52fa18 elementor-widget elementor-widget-wp-widget-woocommerce_product_search\" data-id=\"c52fa18\" data-element_type=\"widget\" data-e-type=\"widget\" data-widget_type=\"wp-widget-woocommerce_product_search.default\">\n\t\t\t\t<div class=\"elementor-widget-container\">\n\t\t\t\t\t<form role=\"search\" method=\"get\" class=\"qodef-search-form qodef-woo-product-search\" action=\"https:\/\/www.hogarmovei.com\/en\/\">\n\t<label class=\"screen-reader-text\" for=\"woocommerce-product-search-field-0\">Search for:<\/label>\n\t<div class=\"qodef-search-form-inner clear\">\n\t\t<input type=\"search\" id=\"woocommerce-product-search-field-0\" class=\"qodef-search-form-field\" placeholder=\"Search\" value=\"\" name=\"s\" \/>\n\t\t<button type=\"submit\" class=\"qodef-search-form-button\"><svg  xmlns=\"http:\/\/www.w3.org\/2000\/svg\" width=\"17.06\" height=\"17.06\" viewBox=\"3.47 3.46 17.06 17.06\"><g fill=\"none\" stroke=\"currentColor\" stroke-linecap=\"round\" stroke-linejoin=\"round\"><circle cx=\"11.11\" cy=\"11.11\" r=\"7.11\"\/><path d=\"M20 20l-3.87-3.87\"\/><\/g><\/svg><\/button>\n\t<\/div>\n\t<input type=\"hidden\" name=\"post_type\" value=\"product\" \/>\n<\/form>\n\t\t\t\t<\/div>\n\t\t\t\t<\/div>\n\t\t\t\t<div class=\"elementor-element elementor-element-f02fc9f elementor-widget elementor-widget-qi_addons_for_elementor_product_list\" data-id=\"f02fc9f\" data-element_type=\"widget\" data-e-type=\"widget\" data-widget_type=\"qi_addons_for_elementor_product_list.default\">\n\t\t\t\t<div class=\"elementor-widget-container\">\n\t\t\t\t\t<div class=\"qodef-shortcode qodef-m qodef-addons-woo-shortcode qodef-qi-woo-shortcode-product-list qodef-item-layout--info-below-hover-inset qodef-image--hover-zoom qodef-qi-grid qodef-layout--qi-columns qodef-col-num--3 qodef-item-layout--info-below-hover-inset qodef-responsive--predefined\" >\n\t<div class=\"qodef-grid-inner\">\n\t\t<div class=\"qodef-e qodef-grid-item product type-product post-10879 status-publish first instock product_cat-occasion has-post-thumbnail shipping-taxable product-type-simple\">\n\t<div class=\"qodef-e-product-inner\">\n\t\t\t\t\t<div class=\"qodef-e-product-image\">\n\t\t\t\t<div class=\"qodef-e-product-image-holder\">\n\t\t\t\t\t\t\t\t\t\t<img fetchpriority=\"high\" decoding=\"async\" width=\"936\" height=\"702\" src=\"https:\/\/www.hogarmovei.com\/wp-content\/uploads\/2024\/11\/img_no_disponible.jpg\" class=\"attachment-full size-full\" alt=\"\" srcset=\"https:\/\/www.hogarmovei.com\/wp-content\/uploads\/2024\/11\/img_no_disponible.jpg 936w, https:\/\/www.hogarmovei.com\/wp-content\/uploads\/2024\/11\/img_no_disponible-300x225.jpg 300w, https:\/\/www.hogarmovei.com\/wp-content\/uploads\/2024\/11\/img_no_disponible-768x576.jpg 768w, https:\/\/www.hogarmovei.com\/wp-content\/uploads\/2024\/11\/img_no_disponible-600x450.jpg 600w\" sizes=\"(max-width: 936px) 100vw, 936px\" \/>\t\t\t\t<\/div>\n\t\t\t\t<a href=\"https:\/\/www.hogarmovei.com\/en\/product\/product-of-purba-on-occasion\/\" class=\"woocommerce-LoopProduct-link woocommerce-loop-product__link\"><\/a>\t\t\t\t<div class=\"qodef-e-product-image-inner\">\n\t\t\t\t\t<a class=\"qodef-shortcode qodef-m button product_type_simple qodef-qi-button qodef-html--link qodef-layout--filled qodef-type--standard qodef-icon--right qodef-hover--icon-move-horizontal-short\" href=\"https:\/\/www.hogarmovei.com\/en\/product\/product-of-purba-on-occasion\/\" target=\"_self\" data-product_id=\"10879\" data-product_sku=\"PRUEBA PRODUCTO OCASI\u00d3N\" aria-label=\"Read more about \u201cTest product on occasion\u201d\" rel=\"nofollow\" data-quantity=\"1\">\t<span class=\"qodef-m-text\">Read more<\/span>\t<\/a>\t\t\t\t<\/div>\n\t\t\t<\/div>\n\t\t\t\t<div class=\"qodef-e-product-content\">\n\t\t\t<div class=\"qodef-e-product-heading\">\n\t\t\t\t<h5 itemprop=\"name\" class=\"qodef-e-product-title qodef-e-title entry-title\">\n\t<a itemprop=\"url\" class=\"qodef-e-product-title-link\" href=\"https:\/\/www.hogarmovei.com\/en\/product\/product-of-purba-on-occasion\/\">\n\t\tTest product on occasion\t<\/a>\n<\/h5>\n\t\t\t\t\t\t\t<\/div>\n\t\t\t\t<div class=\"qodef-e-product-categories\"><a href=\"https:\/\/www.hogarmovei.com\/en\/product-category\/occasion\/\" rel=\"tag\">Occasion<\/a><\/div>\n\t\t\t\t\t\t\t\t<\/div>\n\t<\/div>\n<\/div>\n\t<\/div>\n\t<\/div>\n\t\t\t\t<\/div>\n\t\t\t\t<\/div>\n\t\t\t\t<div class=\"elementor-element elementor-element-17eac87 elementor-widget elementor-widget-emaurri_core_product_list\" data-id=\"17eac87\" data-element_type=\"widget\" data-e-type=\"widget\" data-widget_type=\"emaurri_core_product_list.default\">\n\t\t\t\t<div class=\"elementor-widget-container\">\n\t\t\t\t\t<div class=\"qodef-shortcode qodef-m  qodef-woo-shortcode qodef-woo-product-list qodef-item-layout--info-below qodef-grid qodef-layout--columns  qodef-gutter--normal qodef-col-num--3 qodef-item-layout--info-below qodef--no-bottom-space qodef-pagination--off qodef-responsive--predefined\" data-options=\"{&quot;plugin&quot;:&quot;emaurri_core&quot;,&quot;module&quot;:&quot;plugins\\\/woocommerce\\\/shortcodes&quot;,&quot;shortcode&quot;:&quot;product-list&quot;,&quot;post_type&quot;:&quot;product&quot;,&quot;next_page&quot;:&quot;2&quot;,&quot;max_pages_num&quot;:1,&quot;behavior&quot;:&quot;columns&quot;,&quot;images_proportion&quot;:&quot;full&quot;,&quot;columns&quot;:&quot;3&quot;,&quot;columns_responsive&quot;:&quot;predefined&quot;,&quot;space&quot;:&quot;normal&quot;,&quot;posts_per_page&quot;:&quot;9&quot;,&quot;orderby&quot;:&quot;date&quot;,&quot;order&quot;:&quot;DESC&quot;,&quot;additional_params&quot;:&quot;tax&quot;,&quot;tax&quot;:&quot;product_cat&quot;,&quot;tax_slug&quot;:&quot;occasion&quot;,&quot;layout&quot;:&quot;info-below&quot;,&quot;title_tag&quot;:&quot;h5&quot;,&quot;enable_filter&quot;:&quot;no&quot;,&quot;pagination_type&quot;:&quot;no-pagination&quot;,&quot;object_class_name&quot;:&quot;EmaurriCore_Product_List_Shortcode&quot;,&quot;taxonomy_filter&quot;:&quot;product_cat&quot;,&quot;additional_query_args&quot;:{&quot;tax_query&quot;:[{&quot;taxonomy&quot;:&quot;product_cat&quot;,&quot;field&quot;:&quot;slug&quot;,&quot;terms&quot;:&quot;occasion&quot;}]},&quot;space_value&quot;:15}\">\n\t\t<div class=\"qodef-grid-inner clear\">\n\t\t<div class=\"qodef-e qodef-grid-item qodef-item--full product type-product post-10879 status-publish last instock product_cat-occasion has-post-thumbnail shipping-taxable product-type-simple\">\n\t<div class=\"qodef-woo-product-inner\">\n\t\t\t\t\t<div class=\"qodef-woo-product-image\">\n\t\t\t\t\t\t\t\t<img decoding=\"async\" width=\"936\" height=\"702\" src=\"https:\/\/www.hogarmovei.com\/wp-content\/uploads\/2024\/11\/img_no_disponible.jpg\" class=\"attachment-full size-full wp-post-image\" alt=\"\" srcset=\"https:\/\/www.hogarmovei.com\/wp-content\/uploads\/2024\/11\/img_no_disponible.jpg 936w, https:\/\/www.hogarmovei.com\/wp-content\/uploads\/2024\/11\/img_no_disponible-300x225.jpg 300w, https:\/\/www.hogarmovei.com\/wp-content\/uploads\/2024\/11\/img_no_disponible-768x576.jpg 768w, https:\/\/www.hogarmovei.com\/wp-content\/uploads\/2024\/11\/img_no_disponible-600x450.jpg 600w\" sizes=\"(max-width: 936px) 100vw, 936px\" \/>\t\t\t\t<div class=\"qodef-woo-product-image-inner\">\n\t\t\t\t\t<a href=\"https:\/\/www.hogarmovei.com\/en\/product\/product-of-purba-on-occasion\/\" aria-describedby=\"woocommerce_loop_add_to_cart_link_describedby_10879\" data-quantity=\"1\" class=\"button product_type_simple\" data-product_id=\"10879\" data-product_sku=\"PRUEBA PRODUCTO OCASI\u00d3N\" aria-label=\"Read more about &ldquo;Test product on occasion&rdquo;\" rel=\"nofollow\" data-success_message=\"\">Read more<\/a>\t<span id=\"woocommerce_loop_add_to_cart_link_describedby_10879\" class=\"screen-reader-text\">\n\t\t\t<\/span>\n\t\t\t\t<\/div>\n\t\t\t<\/div>\n\t\t\t\t<div class=\"qodef-woo-product-content\">\n<div class=\"precioaconsul\">\n<h5 class='precioaconsulta'>Price on request<\/h5><\/div>\n                <div class=\"qodef-woo-product-content-inner\">\n\n\t\t\t\t<h5 itemprop=\"name\" class=\"qodef-woo-product-title entry-title\" >\n\t<a itemprop=\"url\" class=\"qodef-woo-product-title-link\" href=\"https:\/\/www.hogarmovei.com\/en\/product\/product-of-purba-on-occasion\/\">\n\t\tTest product on occasion\t<\/a>\n<\/h5>\n\t\t\t\t\t\t\t<\/div>\n\t\t\t\t<div class=\"qodef-woo-product-categories\"><a href=\"https:\/\/www.hogarmovei.com\/en\/product-category\/occasion\/\" rel=\"tag\">Occasion<\/a><\/div>\n\t\t\t\t\t<\/div>\n\t\t<a href=\"https:\/\/www.hogarmovei.com\/en\/product\/product-of-purba-on-occasion\/\" class=\"woocommerce-LoopProduct-link woocommerce-loop-product__link\"><\/a>\t<\/div>\n<\/div>\n\t<\/div>\n\t<\/div>\n\t\t\t\t<\/div>\n\t\t\t\t<\/div>\n\t\t\t\t<\/div>\n\t\t\t\t<\/div>\n\t\t","protected":false},"excerpt":{"rendered":"<p>Leer m\u00e1s Atlas Everglade (copia) Ocasi\u00f3n Leer m\u00e1s Atlas Everglade (copia) Ocasi\u00f3n<\/p>\n","protected":false},"author":1,"featured_media":0,"parent":0,"menu_order":0,"comment_status":"closed","ping_status":"closed","template":"","meta":{"om_disable_all_campaigns":false,"_monsterinsights_skip_tracking":false,"_monsterinsights_sitenote_active":false,"_monsterinsights_sitenote_note":"","_monsterinsights_sitenote_category":0,"footnotes":""},"class_list":["post-10552","page","type-page","status-publish","hentry"],"aioseo_notices":[],"_links":{"self":[{"href":"https:\/\/www.hogarmovei.com\/en\/wp-json\/wp\/v2\/pages\/10552","targetHints":{"allow":["GET"]}}],"collection":[{"href":"https:\/\/www.hogarmovei.com\/en\/wp-json\/wp\/v2\/pages"}],"about":[{"href":"https:\/\/www.hogarmovei.com\/en\/wp-json\/wp\/v2\/types\/page"}],"author":[{"embeddable":true,"href":"https:\/\/www.hogarmovei.com\/en\/wp-json\/wp\/v2\/users\/1"}],"replies":[{"embeddable":true,"href":"https:\/\/www.hogarmovei.com\/en\/wp-json\/wp\/v2\/comments?post=10552"}],"version-history":[{"count":5,"href":"https:\/\/www.hogarmovei.com\/en\/wp-json\/wp\/v2\/pages\/10552\/revisions"}],"predecessor-version":[{"id":10754,"href":"https:\/\/www.hogarmovei.com\/en\/wp-json\/wp\/v2\/pages\/10552\/revisions\/10754"}],"wp:attachment":[{"href":"https:\/\/www.hogarmovei.com\/en\/wp-json\/wp\/v2\/media?parent=10552"}],"curies":[{"name":"wp","href":"https:\/\/api.w.org\/{rel}","templated":true}]}}