{"id":10556,"date":"2021-02-10T11:45:07","date_gmt":"2021-02-10T10:45:07","guid":{"rendered":"https:\/\/hmovei.indipro.es\/noticias\/"},"modified":"2024-11-13T09:01:09","modified_gmt":"2024-11-13T08:01:09","slug":"noticias","status":"publish","type":"page","link":"https:\/\/www.hogarmovei.com\/pt-pt\/noticias\/","title":{"rendered":"Not\u00edcias"},"content":{"rendered":"\t\t<div data-elementor-type=\"wp-page\" data-elementor-id=\"10556\" class=\"elementor elementor-10556 elementor-6597\">\n\t\t\t\t\t\t<section class=\"elementor-section elementor-top-section elementor-element elementor-element-c58a01f elementor-section-full_width qodef-elementor-content-grid elementor-section-height-default elementor-section-height-default\" data-id=\"c58a01f\" data-element_type=\"section\" data-e-type=\"section\">\n\t\t\t\t\t\t<div class=\"elementor-container elementor-column-gap-default\">\n\t\t\t\t\t<div class=\"elementor-column elementor-col-100 elementor-top-column elementor-element elementor-element-1c10738\" data-id=\"1c10738\" data-element_type=\"column\" data-e-type=\"column\">\n\t\t\t<div class=\"elementor-widget-wrap elementor-element-populated\">\n\t\t\t\t\t\t<div class=\"elementor-element elementor-element-32d31c5 elementor-widget elementor-widget-qi_addons_for_elementor_blog_list\" data-id=\"32d31c5\" data-element_type=\"widget\" data-e-type=\"widget\" data-widget_type=\"qi_addons_for_elementor_blog_list.default\">\n\t\t\t\t<div class=\"elementor-widget-container\">\n\t\t\t\t\t<div class=\"qodef-shortcode qodef-m qodef-addons-blog-list qodef-info-no-icons qodef-title--hover-underline qodef-image--hover-zoom qodef-qi-grid qodef-layout--qi-columns qodef-col-num--3 qodef-item-layout--date-boxed qodef-responsive--predefined\" >\n\t<div class=\"qodef-grid-inner\">\n\t\t<article class=\"qodef-e qodef-blog-item qodef-grid-item qodef-item--square post-10650 post type-post status-publish format-standard has-post-thumbnail hentry category-noticias tag-casas-moveis tag-espanha tag-portugal-pt-pt\">\n\t<div class=\"qodef-e-inner\">\n\t\t<div class=\"qodef-e-media-holder\">\n\t\t\t<div class=\"qodef-e-media\">\n\t\t<div class=\"qodef-e-media-image\">\n\t\t<a itemprop=\"url\" href=\"https:\/\/www.hogarmovei.com\/pt-pt\/2024\/10\/01\/o-futuro-das-casas-moveis-em-espanha\/\">\n\t\t\t<img fetchpriority=\"high\" decoding=\"async\" width=\"650\" height=\"650\" src=\"https:\/\/www.hogarmovei.com\/wp-content\/uploads\/2020\/12\/HogarMoveinoticias_5-650x650.jpg\" class=\"attachment-qi_addons_for_elementor_image_size_square size-qi_addons_for_elementor_image_size_square\" alt=\"\" srcset=\"https:\/\/www.hogarmovei.com\/wp-content\/uploads\/2020\/12\/HogarMoveinoticias_5-650x650.jpg 650w, https:\/\/www.hogarmovei.com\/wp-content\/uploads\/2020\/12\/HogarMoveinoticias_5-150x150.jpg 150w, https:\/\/www.hogarmovei.com\/wp-content\/uploads\/2020\/12\/HogarMoveinoticias_5-100x100.jpg 100w\" sizes=\"(max-width: 650px) 100vw, 650px\" \/>\t\t<\/a>\n\t\t\t<\/div>\n<\/div>\n<div itemprop=\"dateCreated\" class=\"qodef-e-info-item qodef-e-info-date entry-date \">\n\t<a itemprop=\"url\" href=\"https:\/\/www.hogarmovei.com\/pt-pt\/2024\/10\/\">\n\t\t1 Out\t<\/a>\n<\/div>\n\t\t<\/div>\n\t\t<div class=\"qodef-e-content\">\n\t\t\t\t\t\t\t<div class=\"qodef-e-info qodef-info--top\">\n\t\t\t\t\t<div class=\"qodef-e-info-item qodef-e-info-category\">\n\t\t<a href=\"https:\/\/www.hogarmovei.com\/pt-pt\/category\/noticias\/\" rel=\"category tag\">Not\u00edcias<\/a><\/div>\n\t\t\t\t<\/div>\n\t\t\t\t\t\t<div class=\"qodef-e-text\">\n\t\t\t\t<h4 itemprop=\"name\" class=\"qodef-e-title entry-title\">\n\t<a itemprop=\"url\" class=\"qodef-e-title-link\" href=\"https:\/\/www.hogarmovei.com\/pt-pt\/2024\/10\/01\/o-futuro-das-casas-moveis-em-espanha\/\">\n\t\tO futuro das casas m\u00f3veis em Espanha\t<\/a>\n<\/h4>\n\t\t\t<\/div>\n\t\t\t\t\t\t\t<div class=\"qodef-e-info qodef-info--bottom\">\n\t\t\t\t\t\t<div class=\"qodef-e-read-more\">\n\t\t<a class=\"qodef-shortcode qodef-m qodef-qi-button qodef-html--link qodef-layout--outlined qodef-type--standard qodef-size--small qodef-hover--reveal qodef--reveal-horizontal qodef-icon--right qodef-hover--icon-move-horizontal-short\" href=\"https:\/\/www.hogarmovei.com\/pt-pt\/2024\/10\/01\/o-futuro-das-casas-moveis-em-espanha\/\" target=\"_self\">\t<span class=\"qodef-m-text\">L\u00ea mais<\/span>\t<\/a>\t<\/div>\n\t\t\t\t<\/div>\n\t\t\t\t\t<\/div>\n\t<\/div>\n<\/article>\n<article class=\"qodef-e qodef-blog-item qodef-grid-item qodef-item--square post-10613 post type-post status-publish format-standard has-post-thumbnail hentry category-noticias tag-casas-moveis\">\n\t<div class=\"qodef-e-inner\">\n\t\t<div class=\"qodef-e-media-holder\">\n\t\t\t<div class=\"qodef-e-media\">\n\t\t<div class=\"qodef-e-media-image\">\n\t\t<a itemprop=\"url\" href=\"https:\/\/www.hogarmovei.com\/pt-pt\/2024\/09\/28\/mini-casas-moveis-pre-fabricadas-que-poderas-comprar-em-2024\/\">\n\t\t\t<img decoding=\"async\" width=\"650\" height=\"650\" src=\"https:\/\/www.hogarmovei.com\/wp-content\/uploads\/2021\/01\/noticias_hogarmovei_1-650x650.jpg\" class=\"attachment-qi_addons_for_elementor_image_size_square size-qi_addons_for_elementor_image_size_square\" alt=\"\" srcset=\"https:\/\/www.hogarmovei.com\/wp-content\/uploads\/2021\/01\/noticias_hogarmovei_1-650x650.jpg 650w, https:\/\/www.hogarmovei.com\/wp-content\/uploads\/2021\/01\/noticias_hogarmovei_1-150x150.jpg 150w, https:\/\/www.hogarmovei.com\/wp-content\/uploads\/2021\/01\/noticias_hogarmovei_1-100x100.jpg 100w\" sizes=\"(max-width: 650px) 100vw, 650px\" \/>\t\t<\/a>\n\t\t\t<\/div>\n<\/div>\n<div itemprop=\"dateCreated\" class=\"qodef-e-info-item qodef-e-info-date entry-date \">\n\t<a itemprop=\"url\" href=\"https:\/\/www.hogarmovei.com\/pt-pt\/2024\/09\/\">\n\t\t28 Set\t<\/a>\n<\/div>\n\t\t<\/div>\n\t\t<div class=\"qodef-e-content\">\n\t\t\t\t\t\t\t<div class=\"qodef-e-info qodef-info--top\">\n\t\t\t\t\t<div class=\"qodef-e-info-item qodef-e-info-category\">\n\t\t<a href=\"https:\/\/www.hogarmovei.com\/pt-pt\/category\/noticias\/\" rel=\"category tag\">Not\u00edcias<\/a><\/div>\n\t\t\t\t<\/div>\n\t\t\t\t\t\t<div class=\"qodef-e-text\">\n\t\t\t\t<h4 itemprop=\"name\" class=\"qodef-e-title entry-title\">\n\t<a itemprop=\"url\" class=\"qodef-e-title-link\" href=\"https:\/\/www.hogarmovei.com\/pt-pt\/2024\/09\/28\/mini-casas-moveis-pre-fabricadas-que-poderas-comprar-em-2024\/\">\n\t\tMini-casas m\u00f3veis pr\u00e9-fabricadas que poder\u00e1s comprar em 2024\t<\/a>\n<\/h4>\n\t\t\t<\/div>\n\t\t\t\t\t\t\t<div class=\"qodef-e-info qodef-info--bottom\">\n\t\t\t\t\t\t<div class=\"qodef-e-read-more\">\n\t\t<a class=\"qodef-shortcode qodef-m qodef-qi-button qodef-html--link qodef-layout--outlined qodef-type--standard qodef-size--small qodef-hover--reveal qodef--reveal-horizontal qodef-icon--right qodef-hover--icon-move-horizontal-short\" href=\"https:\/\/www.hogarmovei.com\/pt-pt\/2024\/09\/28\/mini-casas-moveis-pre-fabricadas-que-poderas-comprar-em-2024\/\" target=\"_self\">\t<span class=\"qodef-m-text\">L\u00ea mais<\/span>\t<\/a>\t<\/div>\n\t\t\t\t<\/div>\n\t\t\t\t\t<\/div>\n\t<\/div>\n<\/article>\n<article class=\"qodef-e qodef-blog-item qodef-grid-item qodef-item--square post-10634 post type-post status-publish format-standard has-post-thumbnail hentry category-noticias tag-casas-moveis\">\n\t<div class=\"qodef-e-inner\">\n\t\t<div class=\"qodef-e-media-holder\">\n\t\t\t<div class=\"qodef-e-media\">\n\t\t<div class=\"qodef-e-media-image\">\n\t\t<a itemprop=\"url\" href=\"https:\/\/www.hogarmovei.com\/pt-pt\/2024\/09\/15\/casas-moveis-uma-alternativa-crescente-para-a-falta-de-habitacao-convencional\/\">\n\t\t\t<img decoding=\"async\" width=\"650\" height=\"650\" src=\"https:\/\/www.hogarmovei.com\/wp-content\/uploads\/2021\/01\/HogarMoveinoticias_2-650x650.jpg\" class=\"attachment-qi_addons_for_elementor_image_size_square size-qi_addons_for_elementor_image_size_square\" alt=\"\" srcset=\"https:\/\/www.hogarmovei.com\/wp-content\/uploads\/2021\/01\/HogarMoveinoticias_2-650x650.jpg 650w, https:\/\/www.hogarmovei.com\/wp-content\/uploads\/2021\/01\/HogarMoveinoticias_2-150x150.jpg 150w, https:\/\/www.hogarmovei.com\/wp-content\/uploads\/2021\/01\/HogarMoveinoticias_2-100x100.jpg 100w\" sizes=\"(max-width: 650px) 100vw, 650px\" \/>\t\t<\/a>\n\t\t\t<\/div>\n<\/div>\n<div itemprop=\"dateCreated\" class=\"qodef-e-info-item qodef-e-info-date entry-date \">\n\t<a itemprop=\"url\" href=\"https:\/\/www.hogarmovei.com\/pt-pt\/2024\/09\/\">\n\t\t15 Set\t<\/a>\n<\/div>\n\t\t<\/div>\n\t\t<div class=\"qodef-e-content\">\n\t\t\t\t\t\t\t<div class=\"qodef-e-info qodef-info--top\">\n\t\t\t\t\t<div class=\"qodef-e-info-item qodef-e-info-category\">\n\t\t<a href=\"https:\/\/www.hogarmovei.com\/pt-pt\/category\/noticias\/\" rel=\"category tag\">Not\u00edcias<\/a><\/div>\n\t\t\t\t<\/div>\n\t\t\t\t\t\t<div class=\"qodef-e-text\">\n\t\t\t\t<h4 itemprop=\"name\" class=\"qodef-e-title entry-title\">\n\t<a itemprop=\"url\" class=\"qodef-e-title-link\" href=\"https:\/\/www.hogarmovei.com\/pt-pt\/2024\/09\/15\/casas-moveis-uma-alternativa-crescente-para-a-falta-de-habitacao-convencional\/\">\n\t\tCasas m\u00f3veis, uma alternativa crescente para a falta de habita\u00e7\u00e3o convencional\t<\/a>\n<\/h4>\n\t\t\t<\/div>\n\t\t\t\t\t\t\t<div class=\"qodef-e-info qodef-info--bottom\">\n\t\t\t\t\t\t<div class=\"qodef-e-read-more\">\n\t\t<a class=\"qodef-shortcode qodef-m qodef-qi-button qodef-html--link qodef-layout--outlined qodef-type--standard qodef-size--small qodef-hover--reveal qodef--reveal-horizontal qodef-icon--right qodef-hover--icon-move-horizontal-short\" href=\"https:\/\/www.hogarmovei.com\/pt-pt\/2024\/09\/15\/casas-moveis-uma-alternativa-crescente-para-a-falta-de-habitacao-convencional\/\" target=\"_self\">\t<span class=\"qodef-m-text\">L\u00ea mais<\/span>\t<\/a>\t<\/div>\n\t\t\t\t<\/div>\n\t\t\t\t\t<\/div>\n\t<\/div>\n<\/article>\n<article class=\"qodef-e qodef-blog-item qodef-grid-item qodef-item--square post-10657 post type-post status-publish format-standard has-post-thumbnail hentry category-noticias tag-casas-moveis tag-espanha tag-portugal-pt-pt\">\n\t<div class=\"qodef-e-inner\">\n\t\t<div class=\"qodef-e-media-holder\">\n\t\t\t<div class=\"qodef-e-media\">\n\t\t<div class=\"qodef-e-media-image\">\n\t\t<a itemprop=\"url\" href=\"https:\/\/www.hogarmovei.com\/pt-pt\/2024\/09\/10\/casas-moveis-e-comunidades-sustentaveis\/\">\n\t\t\t<img loading=\"lazy\" decoding=\"async\" width=\"650\" height=\"650\" src=\"https:\/\/www.hogarmovei.com\/wp-content\/uploads\/2020\/12\/Willerby-Granada-Phone-017-650x650.jpg\" class=\"attachment-qi_addons_for_elementor_image_size_square size-qi_addons_for_elementor_image_size_square\" alt=\"\" srcset=\"https:\/\/www.hogarmovei.com\/wp-content\/uploads\/2020\/12\/Willerby-Granada-Phone-017-650x650.jpg 650w, https:\/\/www.hogarmovei.com\/wp-content\/uploads\/2020\/12\/Willerby-Granada-Phone-017-150x150.jpg 150w, https:\/\/www.hogarmovei.com\/wp-content\/uploads\/2020\/12\/Willerby-Granada-Phone-017-100x100.jpg 100w\" sizes=\"(max-width: 650px) 100vw, 650px\" \/>\t\t<\/a>\n\t\t\t<\/div>\n<\/div>\n<div itemprop=\"dateCreated\" class=\"qodef-e-info-item qodef-e-info-date entry-date \">\n\t<a itemprop=\"url\" href=\"https:\/\/www.hogarmovei.com\/pt-pt\/2024\/09\/\">\n\t\t10 Set\t<\/a>\n<\/div>\n\t\t<\/div>\n\t\t<div class=\"qodef-e-content\">\n\t\t\t\t\t\t\t<div class=\"qodef-e-info qodef-info--top\">\n\t\t\t\t\t<div class=\"qodef-e-info-item qodef-e-info-category\">\n\t\t<a href=\"https:\/\/www.hogarmovei.com\/pt-pt\/category\/noticias\/\" rel=\"category tag\">Not\u00edcias<\/a><\/div>\n\t\t\t\t<\/div>\n\t\t\t\t\t\t<div class=\"qodef-e-text\">\n\t\t\t\t<h4 itemprop=\"name\" class=\"qodef-e-title entry-title\">\n\t<a itemprop=\"url\" class=\"qodef-e-title-link\" href=\"https:\/\/www.hogarmovei.com\/pt-pt\/2024\/09\/10\/casas-moveis-e-comunidades-sustentaveis\/\">\n\t\tCasas m\u00f3veis e comunidades sustent\u00e1veis\t<\/a>\n<\/h4>\n\t\t\t<\/div>\n\t\t\t\t\t\t\t<div class=\"qodef-e-info qodef-info--bottom\">\n\t\t\t\t\t\t<div class=\"qodef-e-read-more\">\n\t\t<a class=\"qodef-shortcode qodef-m qodef-qi-button qodef-html--link qodef-layout--outlined qodef-type--standard qodef-size--small qodef-hover--reveal qodef--reveal-horizontal qodef-icon--right qodef-hover--icon-move-horizontal-short\" href=\"https:\/\/www.hogarmovei.com\/pt-pt\/2024\/09\/10\/casas-moveis-e-comunidades-sustentaveis\/\" target=\"_self\">\t<span class=\"qodef-m-text\">L\u00ea mais<\/span>\t<\/a>\t<\/div>\n\t\t\t\t<\/div>\n\t\t\t\t\t<\/div>\n\t<\/div>\n<\/article>\n<article class=\"qodef-e qodef-blog-item qodef-grid-item qodef-item--square post-10643 post type-post status-publish format-standard has-post-thumbnail hentry category-noticias tag-casas-moveis\">\n\t<div class=\"qodef-e-inner\">\n\t\t<div class=\"qodef-e-media-holder\">\n\t\t\t<div class=\"qodef-e-media\">\n\t\t<div class=\"qodef-e-media-image\">\n\t\t<a itemprop=\"url\" href=\"https:\/\/www.hogarmovei.com\/pt-pt\/2024\/09\/05\/isto-e-o-que-e-viver-numa-casa-movel-durante-todo-o-ano-quanto-custa\/\">\n\t\t\t<img loading=\"lazy\" decoding=\"async\" width=\"650\" height=\"650\" src=\"https:\/\/www.hogarmovei.com\/wp-content\/uploads\/2020\/12\/HogarMoveinoticias_3-650x650.jpg\" class=\"attachment-qi_addons_for_elementor_image_size_square size-qi_addons_for_elementor_image_size_square\" alt=\"\" srcset=\"https:\/\/www.hogarmovei.com\/wp-content\/uploads\/2020\/12\/HogarMoveinoticias_3-650x650.jpg 650w, https:\/\/www.hogarmovei.com\/wp-content\/uploads\/2020\/12\/HogarMoveinoticias_3-150x150.jpg 150w, https:\/\/www.hogarmovei.com\/wp-content\/uploads\/2020\/12\/HogarMoveinoticias_3-100x100.jpg 100w\" sizes=\"(max-width: 650px) 100vw, 650px\" \/>\t\t<\/a>\n\t\t\t<\/div>\n<\/div>\n<div itemprop=\"dateCreated\" class=\"qodef-e-info-item qodef-e-info-date entry-date \">\n\t<a itemprop=\"url\" href=\"https:\/\/www.hogarmovei.com\/pt-pt\/2024\/09\/\">\n\t\t5 Set\t<\/a>\n<\/div>\n\t\t<\/div>\n\t\t<div class=\"qodef-e-content\">\n\t\t\t\t\t\t\t<div class=\"qodef-e-info qodef-info--top\">\n\t\t\t\t\t<div class=\"qodef-e-info-item qodef-e-info-category\">\n\t\t<a href=\"https:\/\/www.hogarmovei.com\/pt-pt\/category\/noticias\/\" rel=\"category tag\">Not\u00edcias<\/a><\/div>\n\t\t\t\t<\/div>\n\t\t\t\t\t\t<div class=\"qodef-e-text\">\n\t\t\t\t<h4 itemprop=\"name\" class=\"qodef-e-title entry-title\">\n\t<a itemprop=\"url\" class=\"qodef-e-title-link\" href=\"https:\/\/www.hogarmovei.com\/pt-pt\/2024\/09\/05\/isto-e-o-que-e-viver-numa-casa-movel-durante-todo-o-ano-quanto-custa\/\">\n\t\tIsto \u00e9 o que \u00e9 viver numa casa m\u00f3vel durante todo o ano, quanto custa?\t<\/a>\n<\/h4>\n\t\t\t<\/div>\n\t\t\t\t\t\t\t<div class=\"qodef-e-info qodef-info--bottom\">\n\t\t\t\t\t\t<div class=\"qodef-e-read-more\">\n\t\t<a class=\"qodef-shortcode qodef-m qodef-qi-button qodef-html--link qodef-layout--outlined qodef-type--standard qodef-size--small qodef-hover--reveal qodef--reveal-horizontal qodef-icon--right qodef-hover--icon-move-horizontal-short\" href=\"https:\/\/www.hogarmovei.com\/pt-pt\/2024\/09\/05\/isto-e-o-que-e-viver-numa-casa-movel-durante-todo-o-ano-quanto-custa\/\" target=\"_self\">\t<span class=\"qodef-m-text\">L\u00ea mais<\/span>\t<\/a>\t<\/div>\n\t\t\t\t<\/div>\n\t\t\t\t\t<\/div>\n\t<\/div>\n<\/article>\n<article class=\"qodef-e qodef-blog-item qodef-grid-item qodef-item--square post-10628 post type-post status-publish format-standard has-post-thumbnail hentry category-noticias tag-casas-moveis\">\n\t<div class=\"qodef-e-inner\">\n\t\t<div class=\"qodef-e-media-holder\">\n\t\t\t<div class=\"qodef-e-media\">\n\t\t<div class=\"qodef-e-media-image\">\n\t\t<a itemprop=\"url\" href=\"https:\/\/www.hogarmovei.com\/pt-pt\/2024\/09\/01\/casas-moveis-de-luxo-uma-tendencia-crescente\/\">\n\t\t\t<img loading=\"lazy\" decoding=\"async\" width=\"650\" height=\"650\" src=\"https:\/\/www.hogarmovei.com\/wp-content\/uploads\/2020\/12\/HogarMoveinoticias_4-650x650.jpg\" class=\"attachment-qi_addons_for_elementor_image_size_square size-qi_addons_for_elementor_image_size_square\" alt=\"\" srcset=\"https:\/\/www.hogarmovei.com\/wp-content\/uploads\/2020\/12\/HogarMoveinoticias_4-650x650.jpg 650w, https:\/\/www.hogarmovei.com\/wp-content\/uploads\/2020\/12\/HogarMoveinoticias_4-150x150.jpg 150w, https:\/\/www.hogarmovei.com\/wp-content\/uploads\/2020\/12\/HogarMoveinoticias_4-100x100.jpg 100w\" sizes=\"(max-width: 650px) 100vw, 650px\" \/>\t\t<\/a>\n\t\t\t<\/div>\n<\/div>\n<div itemprop=\"dateCreated\" class=\"qodef-e-info-item qodef-e-info-date entry-date \">\n\t<a itemprop=\"url\" href=\"https:\/\/www.hogarmovei.com\/pt-pt\/2024\/09\/\">\n\t\t1 Set\t<\/a>\n<\/div>\n\t\t<\/div>\n\t\t<div class=\"qodef-e-content\">\n\t\t\t\t\t\t\t<div class=\"qodef-e-info qodef-info--top\">\n\t\t\t\t\t<div class=\"qodef-e-info-item qodef-e-info-category\">\n\t\t<a href=\"https:\/\/www.hogarmovei.com\/pt-pt\/category\/noticias\/\" rel=\"category tag\">Not\u00edcias<\/a><\/div>\n\t\t\t\t<\/div>\n\t\t\t\t\t\t<div class=\"qodef-e-text\">\n\t\t\t\t<h4 itemprop=\"name\" class=\"qodef-e-title entry-title\">\n\t<a itemprop=\"url\" class=\"qodef-e-title-link\" href=\"https:\/\/www.hogarmovei.com\/pt-pt\/2024\/09\/01\/casas-moveis-de-luxo-uma-tendencia-crescente\/\">\n\t\tCasas m\u00f3veis de luxo: uma tend\u00eancia crescente\t<\/a>\n<\/h4>\n\t\t\t<\/div>\n\t\t\t\t\t\t\t<div class=\"qodef-e-info qodef-info--bottom\">\n\t\t\t\t\t\t<div class=\"qodef-e-read-more\">\n\t\t<a class=\"qodef-shortcode qodef-m qodef-qi-button qodef-html--link qodef-layout--outlined qodef-type--standard qodef-size--small qodef-hover--reveal qodef--reveal-horizontal qodef-icon--right qodef-hover--icon-move-horizontal-short\" href=\"https:\/\/www.hogarmovei.com\/pt-pt\/2024\/09\/01\/casas-moveis-de-luxo-uma-tendencia-crescente\/\" target=\"_self\">\t<span class=\"qodef-m-text\">L\u00ea mais<\/span>\t<\/a>\t<\/div>\n\t\t\t\t<\/div>\n\t\t\t\t\t<\/div>\n\t<\/div>\n<\/article>\n\t<\/div>\n\t<\/div>\n\t\t\t\t<\/div>\n\t\t\t\t<\/div>\n\t\t\t\t\t<\/div>\n\t\t<\/div>\n\t\t\t\t\t<\/div>\n\t\t<\/section>\n\t\t\t\t<\/div>\n\t\t","protected":false},"excerpt":{"rendered":"<p>1 Oct Novedades El\u00a0futuro\u00a0de\u00a0las\u00a0casas\u00a0m\u00f3viles\u00a0en\u00a0Espa\u00f1a L\u00ea mais 28 Sep Novedades Minicasas\u00a0prefabricadas\u00a0m\u00f3viles\u00a0que\u00a0puedes\u00a0comprar\u00a0en\u00a02024 L\u00ea mais 15 Sep Novedades Casas\u00a0m\u00f3viles,\u00a0una\u00a0alternativa\u00a0en\u00a0auge\u00a0por\u00a0la\u00a0falta\u00a0de\u00a0viviendas\u00a0convencionales L\u00ea mais 10 Sep Novedades Casas\u00a0m\u00f3viles\u00a0y\u00a0comunidades\u00a0sostenibles L\u00ea mais 5 Sep Novedades As\u00ed\u00a0es\u00a0vivir\u00a0en\u00a0una\u00a0casa m\u00f3vil\u00a0todo\u00a0el\u00a0a\u00f1o,\u00a0\u00bfcu\u00e1nto\u00a0cuesta? L\u00ea mais 1 Sep Novedades Casas\u00a0m\u00f3viles\u00a0de\u00a0lujo:\u00a0una\u00a0tendencia\u00a0en\u00a0crecimiento L\u00ea mais<\/p>\n","protected":false},"author":1,"featured_media":0,"parent":0,"menu_order":0,"comment_status":"closed","ping_status":"closed","template":"","meta":{"om_disable_all_campaigns":false,"_monsterinsights_skip_tracking":false,"_monsterinsights_sitenote_active":false,"_monsterinsights_sitenote_note":"","_monsterinsights_sitenote_category":0,"footnotes":""},"class_list":["post-10556","page","type-page","status-publish","hentry"],"aioseo_notices":[],"_links":{"self":[{"href":"https:\/\/www.hogarmovei.com\/pt-pt\/wp-json\/wp\/v2\/pages\/10556","targetHints":{"allow":["GET"]}}],"collection":[{"href":"https:\/\/www.hogarmovei.com\/pt-pt\/wp-json\/wp\/v2\/pages"}],"about":[{"href":"https:\/\/www.hogarmovei.com\/pt-pt\/wp-json\/wp\/v2\/types\/page"}],"author":[{"embeddable":true,"href":"https:\/\/www.hogarmovei.com\/pt-pt\/wp-json\/wp\/v2\/users\/1"}],"replies":[{"embeddable":true,"href":"https:\/\/www.hogarmovei.com\/pt-pt\/wp-json\/wp\/v2\/comments?post=10556"}],"version-history":[{"count":1,"href":"https:\/\/www.hogarmovei.com\/pt-pt\/wp-json\/wp\/v2\/pages\/10556\/revisions"}],"predecessor-version":[{"id":10557,"href":"https:\/\/www.hogarmovei.com\/pt-pt\/wp-json\/wp\/v2\/pages\/10556\/revisions\/10557"}],"wp:attachment":[{"href":"https:\/\/www.hogarmovei.com\/pt-pt\/wp-json\/wp\/v2\/media?parent=10556"}],"curies":[{"name":"wp","href":"https:\/\/api.w.org\/{rel}","templated":true}]}}