{"id":10647,"date":"2024-09-18T19:17:40","date_gmt":"2024-09-18T17:17:40","guid":{"rendered":"https:\/\/hmovei.indipro.es\/politica-de-privacidade\/"},"modified":"2024-11-02T13:37:46","modified_gmt":"2024-11-02T12:37:46","slug":"politica-de-privacidade","status":"publish","type":"page","link":"https:\/\/www.hogarmovei.com\/pt-pt\/politica-de-privacidade\/","title":{"rendered":"Pol\u00edtica de privacidade"},"content":{"rendered":"\n<h2 class=\"wp-block-heading\">Introdu\u00e7\u00e3o<\/h2>\n\n<p>Na <strong>Movei Home<\/strong>, estamos empenhados em proteger e respeitar a tua privacidade. Esta pol\u00edtica de privacidade descreve como recolhemos, usamos e protegemos as informa\u00e7\u00f5es pessoais que nos forneces atrav\u00e9s do nosso site e de outros canais de comunica\u00e7\u00e3o. <\/p>\n\n<h2 class=\"wp-block-heading\">Controlador de dados<\/h2>\n\n<p>O Hogar Movei, com sede na Rua da Sabrosa, 13 Gondar\u00e9m, Vila Nova de Cerveira, Portugal, \u00e9 o respons\u00e1vel pelo tratamento dos teus dados pessoais. Se tiveres alguma d\u00favida sobre a prote\u00e7\u00e3o de dados, podes contactar-nos atrav\u00e9s do e-mail <a href=\"mailto:info@hogarmovei.com\">info@hogarmovei.com<\/a> ou atrav\u00e9s do seguinte n\u00famero de telefone <strong><a href=\"%20932%tel:+351 20214%20715\">+351 932 214 715<\/a><\/strong>. <\/p>\n\n<h2 class=\"wp-block-heading\">Informa\u00e7\u00f5es que recolhemos<br\/><\/h2>\n\n<p>Podemos recolher e processar os seguintes dados pessoais sobre ti:<\/p>\n\n<p><strong>Cookies<\/strong>: Utilizamos cookies para melhorar a tua experi\u00eancia no nosso s\u00edtio Web. Podes saber mais sobre a nossa utiliza\u00e7\u00e3o de cookies na nossa Pol\u00edtica de Cookies. <\/p>\n\n<p><strong>1. informa\u00e7\u00f5es<\/strong> que nos forneces: informa\u00e7\u00f5es que nos forneces ao preencher formul\u00e1rios no nosso s\u00edtio Web, ao subscrever as nossas newsletters ou ao comunicar connosco por qualquer motivo. Estas informa\u00e7\u00f5es podem incluir o teu nome, endere\u00e7o, endere\u00e7o de correio eletr\u00f3nico, n\u00famero de telefone e outras informa\u00e7\u00f5es de contacto. <\/p>\n\n<p><strong>2. informa\u00e7\u00e3o t\u00e9cnica<\/strong>: dados t\u00e9cnicos que recolhemos automaticamente quando utilizas o nosso s\u00edtio Web, como o endere\u00e7o IP, o tipo de browser, o sistema operativo e os detalhes da tua visita (por exemplo, p\u00e1ginas visualizadas, dura\u00e7\u00e3o da visita).<\/p>\n\n<p><strong>3. Cookies<\/strong>: Utilizamos cookies para melhorar a tua experi\u00eancia no nosso s\u00edtio Web. Podes saber mais sobre a nossa utiliza\u00e7\u00e3o de cookies na nossa Pol\u00edtica de Cookies. <\/p>\n\n<h2 class=\"wp-block-heading\">Utiliza\u00e7\u00e3o das informa\u00e7\u00f5es<\/h2>\n\n<p>Utilizamos as informa\u00e7\u00f5es que recolhemos sobre ti para os seguintes fins:<\/p>\n\n<p><strong>1. presta\u00e7\u00e3o de servi\u00e7os<\/strong>: para gerir e fornecer os produtos e servi\u00e7os que nos solicitas.<\/p>\n\n<p><strong>2. Comunica\u00e7\u00e3o<\/strong>: Para responder \u00e0s tuas quest\u00f5es, fornecer informa\u00e7\u00f5es sobre os nossos produtos e servi\u00e7os e enviar-te comunica\u00e7\u00f5es comerciais, se tiveres consentido em receb\u00ea-las.<\/p>\n\n<p><strong>Melhorar o s\u00edtio Web<\/strong>: Para melhorar e personalizar o nosso s\u00edtio Web e os servi\u00e7os que oferecemos.<\/p>\n\n<p><strong>4. Conformidade legal<\/strong>: Para cumprir as nossas obriga\u00e7\u00f5es legais e regulamentares.<\/p>\n\n<ol class=\"wp-block-list\"><\/ol>\n\n<h2 class=\"wp-block-heading\">Base jur\u00eddica para o processamento de dados<\/h2>\n\n<p>A base legal para o tratamento dos teus dados pessoais \u00e9 o teu consentimento, a execu\u00e7\u00e3o de um contrato, o cumprimento de uma obriga\u00e7\u00e3o legal e\/ou o interesse leg\u00edtimo do Hogar Movei em manter e melhorar os seus servi\u00e7os.<\/p>\n\n<h2 class=\"wp-block-heading\">Partilha de informa\u00e7\u00f5es<\/h2>\n\n<p>N\u00e3o partilhamos os teus dados pessoais com terceiros, exceto nas seguintes circunst\u00e2ncias:<\/p>\n\n<p><strong>1. fornecedores de servi\u00e7os<\/strong>: podemos partilhar as tuas informa\u00e7\u00f5es com fornecedores de servi\u00e7os que nos ajudam a operar o nosso neg\u00f3cio (por exemplo, servi\u00e7os de alojamento web, processamento de pagamentos e servi\u00e7os de marketing).<\/p>\n\n<p><strong>2. Conformidade legal<\/strong>: Podemos divulgar as tuas informa\u00e7\u00f5es se formos obrigados a faz\u00ea-lo por lei ou em resposta a pedidos v\u00e1lidos de autoridades p\u00fablicas.<\/p>\n\n<h2 class=\"wp-block-heading\">Conserva\u00e7\u00e3o de dados<\/h2>\n\n<p>Conservamos os teus dados pessoais apenas durante o tempo necess\u00e1rio para os fins para os quais foram recolhidos, exceto se for exigido ou permitido por lei um per\u00edodo de conserva\u00e7\u00e3o mais longo.<\/p>\n\n<h2 class=\"wp-block-heading\">Os teus direitos<\/h2>\n\n<p>Tens os seguintes direitos em rela\u00e7\u00e3o aos teus dados pessoais:<\/p>\n\n<p><strong>1)<\/strong> <strong>Acesso<\/strong>: Podes solicitar o acesso aos teus dados pessoais.<\/p>\n\n<p><strong>2) Retifica\u00e7\u00e3o<\/strong>: Podes solicitar a corre\u00e7\u00e3o de dados inexactos ou incompletos.<\/p>\n\n<p><strong>Apagamento<\/strong>: Podes solicitar o apagamento dos teus dados pessoais quando estes j\u00e1 n\u00e3o forem necess\u00e1rios para os fins para que foram recolhidos.<\/p>\n\n<p><strong>4. Obje\u00e7\u00e3o<\/strong>: Podes opor-te ao tratamento dos teus dados pessoais em determinadas circunst\u00e2ncias.<\/p>\n\n<p><strong>5. Restri\u00e7\u00e3o<\/strong>: Podes solicitar a restri\u00e7\u00e3o do tratamento dos teus dados pessoais em determinadas circunst\u00e2ncias.<\/p>\n\n<p><strong>6. Portabilidade<\/strong>: Podes solicitar a transfer\u00eancia dos teus dados pessoais para outro respons\u00e1vel pelo tratamento de dados.<\/p>\n\n<p>Para exercer estes direitos, podes contactar-nos por correio eletr\u00f3nico para <a href=\"mailto:info@hogarmovei.com\">info@hogarmovei.com<\/a> ou para o endere\u00e7o postal acima indicado. Tamb\u00e9m tens o direito de apresentar uma queixa junto da autoridade competente em mat\u00e9ria de prote\u00e7\u00e3o de dados. <\/p>\n\n<ol class=\"wp-block-list\"><\/ol>\n\n<h2 class=\"wp-block-heading\">Seguran\u00e7a dos dados<\/h2>\n\n<p>Tomamos medidas t\u00e9cnicas e organizacionais adequadas para proteger os teus dados pessoais contra o acesso n\u00e3o autorizado, a perda, a destrui\u00e7\u00e3o ou a divulga\u00e7\u00e3o.<\/p>\n\n<h2 class=\"wp-block-heading\">Altera\u00e7\u00f5es a esta pol\u00edtica<\/h2>\n\n<p>Podemos atualizar esta pol\u00edtica de privacidade ocasionalmente. Quaisquer altera\u00e7\u00f5es ser\u00e3o publicadas nesta p\u00e1gina e, se for caso disso, notificadas a ti por e-mail. <\/p>\n\n<h2 class=\"wp-block-heading\">Contacto<\/h2>\n\n<p>Se tiveres alguma d\u00favida sobre esta pol\u00edtica de privacidade ou sobre a forma como tratamos os teus dados pessoais, podes contactar-nos atrav\u00e9s do e-mail <a href=\"mailto:info@hogarmovei.com\">info@hogarmovei.com<\/a> ou do telefone <strong><a href=\"tel:+351%20932%20214%20715\">+351 932 214 715<\/a><\/strong>.<\/p>\n\n<p><\/p>\n\n<p><\/p>\n","protected":false},"excerpt":{"rendered":"<p>Introdu\u00e7\u00e3o Na Movei Home, estamos empenhados em proteger e respeitar a tua privacidade. Esta pol\u00edtica de privacidade descreve como recolhemos, usamos e protegemos as informa\u00e7\u00f5es pessoais que nos forneces atrav\u00e9s do nosso site e de outros canais de comunica\u00e7\u00e3o. Controlador de dados O Hogar Movei, com sede na Rua da Sabrosa, 13 Gondar\u00e9m, Vila Nova [&hellip;]<\/p>\n","protected":false},"author":1,"featured_media":0,"parent":0,"menu_order":0,"comment_status":"closed","ping_status":"closed","template":"","meta":{"om_disable_all_campaigns":false,"_monsterinsights_skip_tracking":false,"_monsterinsights_sitenote_active":false,"_monsterinsights_sitenote_note":"","_monsterinsights_sitenote_category":0,"footnotes":""},"class_list":["post-10647","page","type-page","status-publish","hentry"],"aioseo_notices":[],"_links":{"self":[{"href":"https:\/\/www.hogarmovei.com\/pt-pt\/wp-json\/wp\/v2\/pages\/10647","targetHints":{"allow":["GET"]}}],"collection":[{"href":"https:\/\/www.hogarmovei.com\/pt-pt\/wp-json\/wp\/v2\/pages"}],"about":[{"href":"https:\/\/www.hogarmovei.com\/pt-pt\/wp-json\/wp\/v2\/types\/page"}],"author":[{"embeddable":true,"href":"https:\/\/www.hogarmovei.com\/pt-pt\/wp-json\/wp\/v2\/users\/1"}],"replies":[{"embeddable":true,"href":"https:\/\/www.hogarmovei.com\/pt-pt\/wp-json\/wp\/v2\/comments?post=10647"}],"version-history":[{"count":1,"href":"https:\/\/www.hogarmovei.com\/pt-pt\/wp-json\/wp\/v2\/pages\/10647\/revisions"}],"predecessor-version":[{"id":10649,"href":"https:\/\/www.hogarmovei.com\/pt-pt\/wp-json\/wp\/v2\/pages\/10647\/revisions\/10649"}],"wp:attachment":[{"href":"https:\/\/www.hogarmovei.com\/pt-pt\/wp-json\/wp\/v2\/media?parent=10647"}],"curies":[{"name":"wp","href":"https:\/\/api.w.org\/{rel}","templated":true}]}}