{"id":10814,"date":"2024-11-09T03:43:49","date_gmt":"2024-11-09T02:43:49","guid":{"rendered":"https:\/\/hmovei.indipro.es\/?page_id=10814"},"modified":"2024-11-14T07:30:03","modified_gmt":"2024-11-14T06:30:03","slug":"politica-de-privacidade-2","status":"publish","type":"page","link":"https:\/\/www.hogarmovei.com\/pt-pt\/politica-de-privacidade-2\/","title":{"rendered":"Pol\u00edtica de cookies"},"content":{"rendered":"\t\t<div data-elementor-type=\"wp-page\" data-elementor-id=\"10814\" class=\"elementor elementor-10814 elementor-10812\">\n\t\t\t\t<div class=\"elementor-element elementor-element-491514b7 e-flex e-con-boxed e-con e-parent\" data-id=\"491514b7\" data-element_type=\"container\" data-e-type=\"container\">\n\t\t\t\t\t<div class=\"e-con-inner\">\n\t\t\t\t<div class=\"elementor-element elementor-element-176ffbb1 elementor-widget elementor-widget-text-editor\" data-id=\"176ffbb1\" data-element_type=\"widget\" data-e-type=\"widget\" data-widget_type=\"text-editor.default\">\n\t\t\t\t<div class=\"elementor-widget-container\">\n\t\t\t\t\t\t\t\t\t<h4>O que s\u00e3o bolachas?<\/h4>\n<p>Os cookies s\u00e3o pequenos ficheiros com informa\u00e7\u00f5es que s\u00e3o armazenadas no teu navegador Web quando acedes e utilizas determinados s\u00edtios Web. Estes ficheiros permitem que os s\u00edtios Web obtenham informa\u00e7\u00f5es sobre os teus h\u00e1bitos e prefer\u00eancias de navega\u00e7\u00e3o ou sobre o dispositivo a partir do qual te est\u00e1s a ligar. <\/p>\n<p>Embora sejam essenciais para prestar um bom servi\u00e7o, dependendo do tipo de informa\u00e7\u00e3o que cont\u00eam, podem ser perigosos para a tua privacidade. Por este motivo, a legisla\u00e7\u00e3o espanhola estabeleceu que, para instalar determinados tipos de cookies no teu navegador, \u00e9 necess\u00e1rio informar-te previamente e obter o teu consentimento. Atrav\u00e9s da presente Pol\u00edtica de Cookies queremos informar-te de forma clara e suficiente sobre o tipo de cookies que utilizamos neste s\u00edtio web.  <\/p>\n<h4>Que tipo de cookies utilizamos?<\/h4>\n<p>Utilizamos cookies neste s\u00edtio Web para facilitar a tua navega\u00e7\u00e3o e proporcionar-te uma melhor experi\u00eancia de navega\u00e7\u00e3o. Os cookies que utilizamos podem ser divididos nas seguintes categorias: <\/p>\n<p><strong style=\"font-size: 1rem; letter-spacing: 0px;\">Depende do local de onde s\u00e3o enviados:<\/strong><\/p>\n<ol>\n<li><u>Cookies pr\u00f3prios<\/u>: s\u00e3o enviados para o teu dispositivo a partir do nosso pr\u00f3prio equipamento ou do nosso dom\u00ednio.<\/li>\n<li><u>Cookies de terceiros<\/u>: s\u00e3o aqueles que s\u00e3o enviados para o teu navegador a partir de um computador ou dom\u00ednio que n\u00e3o \u00e9 gerido por n\u00f3s, mas por outra entidade colaboradora.<\/li>\n<\/ol>\n<p><strong style=\"font-size: 1rem; letter-spacing: 0px;\">De acordo com o seu objetivo:<\/strong><\/p>\n<ol>\n<li><u>Cookies t\u00e9cnicos<\/u>: s\u00e3o cookies essenciais para o funcionamento de um s\u00edtio Web.<\/li>\n<li><u>Cookies anal\u00edticos<\/u>: t\u00eam por objetivo analisar a utiliza\u00e7\u00e3o que o utilizador faz de um s\u00edtio Web. Permitem quantificar o n\u00famero de utilizadores que visitam o s\u00edtio Web e identificar as partes do s\u00edtio Web mais visitadas e, por conseguinte, mais populares. <\/li>\n<li><u>Cookies de sess\u00e3o<\/u>: permitem que os utilizadores sejam reconhecidos num s\u00edtio Web, de modo a que quaisquer altera\u00e7\u00f5es que fa\u00e7a, itens que selecione ou dados que introduza sejam recordados de p\u00e1gina para p\u00e1gina.<\/li>\n<\/ol>\n<div>&nbsp;<span style=\"font-size: 1rem; letter-spacing: 0px;\">Alguns dos cookies que utilizamos s\u00e3o <\/span><u style=\"font-size: 1rem; letter-spacing: 0px;\">persistentes<\/u><span style=\"font-size: 1rem; letter-spacing: 0px;\">cookies, o que significa que ficam armazenados no teu dispositivo durante um determinado per\u00edodo de tempo, que pode variar de cookie para cookie. Se n\u00e3o apagares este tipo de cookies, eles deixar\u00e3o de funcionar por si pr\u00f3prios quando atingirem a data de expira\u00e7\u00e3o especificada. <\/span><\/div>\n<p><span style=\"font-size: 1rem; letter-spacing: 0px;\">Na tabela seguinte indicamos quais os cookies que utilizamos neste s\u00edtio Web, bem como a finalidade de cada um, a sua dura\u00e7\u00e3o e a informa\u00e7\u00e3o sobre se s\u00e3o nossos ou de terceiros:<\/span><\/p>\n<table style=\"overflow: scroll; display: block !important;\" border=\"1\" width=\"425\">\n<tbody>\n<tr>\n<td width=\"79\"><strong>Nome do servidor<\/strong><\/td>\n<td width=\"91\"><strong>Servidor a partir do qual \u00e9 enviado<\/strong><\/td>\n<td width=\"191\"><strong>Objetivo<\/strong><\/td>\n<td width=\"64\"><strong>Dura\u00e7\u00e3o<\/strong><\/td>\n<\/tr>\n<tr>\n<td width=\"79\">__utmc<\/td>\n<td width=\"91\">hogarmovei.com<\/td>\n<td width=\"191\">\u00e9 utilizado em combina\u00e7\u00e3o com o __utmb para identificar novas sess\u00f5es\/visitas.<\/td>\n<td width=\"64\">sess\u00e3o<\/td>\n<\/tr>\n<tr>\n<td width=\"79\">__utmb<\/td>\n<td width=\"91\">hogarmovei.com<\/td>\n<td width=\"191\">O cookie \u00e9 atualizado sempre que os dados s\u00e3o enviados para o Google Analytics.<\/td>\n<td width=\"64\">sess\u00e3o<\/td>\n<\/tr>\n<tr>\n<td width=\"79\">__utma<\/td>\n<td width=\"91\">hogarmovei.com<\/td>\n<td width=\"191\">Utilizado para calcular as estat\u00edsticas de visitantes novos e antigos.<\/td>\n<td width=\"64\">persistente<\/td>\n<\/tr>\n<tr>\n<td width=\"79\">__utmt_UA-716495-48<\/td>\n<td width=\"91\">hogarmovei.com<\/td>\n<td width=\"191\">Utilizado para limitar a quantidade de dados registados pelo Google em s\u00edtios Web de elevado tr\u00e1fego.<\/td>\n<td width=\"64\">sess\u00e3o<\/td>\n<\/tr>\n<tr>\n<td width=\"79\">__utmz<\/td>\n<td width=\"91\">hogarmovei.com<\/td>\n<td width=\"191\">Este cookie identifica a origem do tr\u00e1fego para o s\u00edtio, para que o Google Analytics possa dizer aos propriet\u00e1rios de onde vieram os visitantes antes de chegarem ao s\u00edtio.<\/td>\n<td width=\"64\">persistente<\/td>\n<\/tr>\n<tr>\n<td width=\"79\">Cookies do Facebook<\/td>\n<td width=\"91\">facebook.com<\/td>\n<td width=\"191\">https:\/\/www.facebook.com\/help\/cookies\/<\/td>\n<td width=\"64\">persistente<\/td>\n<\/tr>\n<tr>\n<td width=\"79\">Cookies do Twitter<\/td>\n<td width=\"91\">twitter.com<\/td>\n<td width=\"191\">https:\/\/twitter.com\/privacy<\/td>\n<td width=\"64\">persistente<\/td>\n<\/tr>\n<tr>\n<td width=\"79\">Cookies do Google+<\/td>\n<td width=\"91\">google.com<\/td>\n<td width=\"191\">https:\/\/www.google.com\/intl\/es_es\/policies\/technologies\/cookies\/<\/td>\n<td width=\"64\">persistente<\/td>\n<\/tr>\n<\/tbody>\n<\/table>\n<p class=\"selectionShareable\">O S\u00edtio Web utiliza o Google Analytics, um servi\u00e7o de an\u00e1lise da Web fornecido pela Google, Inc. (a seguir designada &#8220;Google&#8221;), uma empresa de Delaware com sede em 1600 Amphitheatre Parkway, Mountain View (Calif\u00f3rnia), CA 94043, Estados Unidos. O Google Analytics utiliza cookies para ajudar o Web site a analisar a forma como os utilizadores utilizam o Web site. As informa\u00e7\u00f5es geradas pelo cookie sobre a tua utiliza\u00e7\u00e3o do Web site ser\u00e3o transmitidas e armazenadas pela Google em servidores nos Estados Unidos. A Google utilizar\u00e1 estas informa\u00e7\u00f5es para acompanhar a tua utiliza\u00e7\u00e3o do Web site, compilando relat\u00f3rios sobre a atividade do Web site e fornecendo outros servi\u00e7os relacionados com a atividade do Web site e a utiliza\u00e7\u00e3o da Internet.<\/p>\n<p>&nbsp;<span style=\"font-size: 1rem; letter-spacing: 0px;\">Se quiseres obter mais informa\u00e7\u00f5es sobre a utiliza\u00e7\u00e3o dos cookies anal\u00edticos do Google utilizados no s\u00edtio Web, consulta a seguinte liga\u00e7\u00e3o:<\/span><\/p>\n<p class=\"selectionShareable\" style=\"color: #03888b !important;\"><a href=\"https:\/\/developers.google.com\/analytics\/devguides\/collection\/analyticsjs\/cookie-usage?hl=es\">Informa\u00e7\u00f5es sobre os cookies do Google<\/a>.<\/p>\n<h4>Como podes controlar os cookies?<\/h4>\n<p class=\"selectionShareable\">\u00c9 importante que saibas que podes retirar o teu consentimento \u00e0 Pol\u00edtica de Cookies em qualquer altura, apagando os cookies armazenados no teu browser atrav\u00e9s das defini\u00e7\u00f5es do teu browser.<\/p>\n<p class=\"selectionShareable\">Se quiseres, podes modificar facilmente as prefer\u00eancias do teu navegador para controlares tu pr\u00f3prio quais os cookies que acedem ao teu computador e quais preferes limitar. Esta op\u00e7\u00e3o encontra-se normalmente no menu &#8220;op\u00e7\u00f5es&#8221; ou &#8220;prefer\u00eancias&#8221; dos browsers. Se utilizares qualquer um dos seguintes, s\u00f3 tens de selecionar a liga\u00e7\u00e3o e seguir as instru\u00e7\u00f5es indicadas na p\u00e1gina ligada:  <\/p>\n<ul>\n<li><strong><a href=\"http:\/\/support.microsoft.com\/kb\/196955\">Prefer\u00eancias <em>de cookies<\/em> no Internet Explorer<\/a><\/strong><\/li>\n<li><strong><a href=\"https:\/\/support.google.com\/chrome\/bin\/answer.py?hl=en&amp;answer=95647\">Prefer\u00eancias <em>de cookies<\/em> no Chrome<\/a><\/strong><\/li>\n<li><strong><a href=\"http:\/\/support.mozilla.org\/en-US\/kb\/cookies-information-websites-store-on-your-computer?redirectlocale=en-US&amp;redirectslug=Cookies\">Prefer\u00eancias <em>de cookies<\/em> do Firefox<\/a><\/strong><\/li>\n<li><strong><a href=\"http:\/\/support.apple.com\/kb\/PH11913\">Prefer\u00eancias <em>de cookies<\/em> no Safari<\/a><\/strong><\/li>\n<\/ul>\n<p class=\"selectionShareable\">No entanto, se alterares as tuas prefer\u00eancias e limitares o acesso dos cookies ao teu dispositivo, \u00e9 poss\u00edvel que algumas das funcionalidades do s\u00edtio Web deixem de funcionar e que a tua navega\u00e7\u00e3o seja prejudicada.<\/p>\n<h4>Altera\u00e7\u00f5es \u00e0 Pol\u00edtica de Cookies<\/h4>\n<p class=\"selectionShareable\">Colocamos esta Pol\u00edtica de Cookies \u00e0 tua disposi\u00e7\u00e3o para que possas consult\u00e1-la, arquiv\u00e1-la ou imprimi-la sempre que consideres conveniente. \u00c9 poss\u00edvel que sofra modifica\u00e7\u00f5es devido a altera\u00e7\u00f5es no site ou nos cookies utilizados, a desenvolvimentos legislativos ou jurisprudenciais ou ao estabelecimento de novos crit\u00e9rios por parte da Ag\u00eancia Espanhola de Prote\u00e7\u00e3o de Dados. Por isso, reservamo-nos o direito de modificar a presente Pol\u00edtica de Cookies em qualquer momento.  <\/p>\n<p>&nbsp;<strong style=\"font-size: 1rem; letter-spacing: 0px;\">\u00daltima atualiza\u00e7\u00e3o: 08 novembro 2024<\/strong><\/p>\t\t\t\t\t\t\t\t<\/div>\n\t\t\t\t<\/div>\n\t\t\t\t\t<\/div>\n\t\t\t\t<\/div>\n\t\t\t\t<\/div>\n\t\t","protected":false},"excerpt":{"rendered":"<p>O que s\u00e3o bolachas? Os cookies s\u00e3o pequenos ficheiros com informa\u00e7\u00f5es que s\u00e3o armazenadas no teu navegador Web quando acedes e utilizas determinados s\u00edtios Web. Estes ficheiros permitem que os s\u00edtios Web obtenham informa\u00e7\u00f5es sobre os teus h\u00e1bitos e prefer\u00eancias de navega\u00e7\u00e3o ou sobre o dispositivo a partir do qual te est\u00e1s a ligar. Embora [&hellip;]<\/p>\n","protected":false},"author":1,"featured_media":0,"parent":0,"menu_order":0,"comment_status":"closed","ping_status":"closed","template":"","meta":{"om_disable_all_campaigns":false,"_monsterinsights_skip_tracking":false,"_monsterinsights_sitenote_active":false,"_monsterinsights_sitenote_note":"","_monsterinsights_sitenote_category":0,"footnotes":""},"class_list":["post-10814","page","type-page","status-publish","hentry"],"aioseo_notices":[],"_links":{"self":[{"href":"https:\/\/www.hogarmovei.com\/pt-pt\/wp-json\/wp\/v2\/pages\/10814","targetHints":{"allow":["GET"]}}],"collection":[{"href":"https:\/\/www.hogarmovei.com\/pt-pt\/wp-json\/wp\/v2\/pages"}],"about":[{"href":"https:\/\/www.hogarmovei.com\/pt-pt\/wp-json\/wp\/v2\/types\/page"}],"author":[{"embeddable":true,"href":"https:\/\/www.hogarmovei.com\/pt-pt\/wp-json\/wp\/v2\/users\/1"}],"replies":[{"embeddable":true,"href":"https:\/\/www.hogarmovei.com\/pt-pt\/wp-json\/wp\/v2\/comments?post=10814"}],"version-history":[{"count":4,"href":"https:\/\/www.hogarmovei.com\/pt-pt\/wp-json\/wp\/v2\/pages\/10814\/revisions"}],"predecessor-version":[{"id":10984,"href":"https:\/\/www.hogarmovei.com\/pt-pt\/wp-json\/wp\/v2\/pages\/10814\/revisions\/10984"}],"wp:attachment":[{"href":"https:\/\/www.hogarmovei.com\/pt-pt\/wp-json\/wp\/v2\/media?parent=10814"}],"curies":[{"name":"wp","href":"https:\/\/api.w.org\/{rel}","templated":true}]}}